{"id":8,"date":"2023-05-31T22:21:58","date_gmt":"2023-05-31T22:21:58","guid":{"rendered":"https:\/\/hispa.mnmtest.online\/?page_id=8"},"modified":"2023-07-03T23:39:27","modified_gmt":"2023-07-03T23:39:27","slug":"cafe-restaurant","status":"publish","type":"page","link":"https:\/\/hispa.mnmtest.online\/","title":{"rendered":"Caf\u00e9 restaurant"},"content":{"rendered":"<p>[et_pb_section fb_built=&#8220;1&#8243; fullwidth=&#8220;on&#8220; module_class=&#8220;mainslider&#8220; _builder_version=&#8220;4.21.0&#8243; _module_preset=&#8220;default&#8220; global_colors_info=&#8220;{}&#8220;][et_pb_fullwidth_slider module_class=&#8220;hlavni-slider-content&#8220; _builder_version=&#8220;4.21.0&#8243; _module_preset=&#8220;default&#8220; body_font_size=&#8220;22px&#8220; min_height=&#8220;70vh&#8220; custom_margin=&#8220;-8px||-8px||false|false&#8220; global_colors_info=&#8220;{}&#8220;][et_pb_slide heading=&#8220;Hispaniola Caf\u00e9 Shop&#8220; button_text=&#8220;Vstupte&#8220; button_link=&#8220;#o-kavarne&#8220; image=&#8220;https:\/\/hispa.mnmtest.online\/wp-content\/uploads\/2023\/05\/hispaniola-cafe-logo.png&#8220; _builder_version=&#8220;4.21.0&#8243; _module_preset=&#8220;default&#8220; background_color=&#8220;#000000&#8243; background_enable_color=&#8220;on&#8220; background_image=&#8220;https:\/\/hispa.mnmtest.online\/wp-content\/uploads\/2023\/07\/Camilles-Cafe-Karlin-5.jpg&#8220; background_enable_image=&#8220;on&#8220; header_font_size_tablet=&#8220;44px&#8220; header_font_size_phone=&#8220;42px&#8220; header_font_size_last_edited=&#8220;on|phone&#8220; global_colors_info=&#8220;{}&#8220; sticky_transition=&#8220;on&#8220;]<\/p>\n<p>Nejlep\u0161\u00ed zrnkov\u00e1 k\u00e1va, kter\u00e1 dok\u00e1\u017ee ka\u017ed\u00fdm dou\u0161kem povzbudit do nov\u00e9ho dne.<\/p>\n<p>[\/et_pb_slide][\/et_pb_fullwidth_slider][\/et_pb_section][et_pb_section fb_built=&#8220;1&#8243; fullwidth=&#8220;on&#8220; module_class=&#8220;predel&#8220; _builder_version=&#8220;4.21.0&#8243; _module_preset=&#8220;default&#8220; z_index=&#8220;500&#8243; custom_margin=&#8220;-8px||-8px||false|false&#8220; hover_enabled=&#8220;0&#8243; global_module=&#8220;41&#8243; saved_tabs=&#8220;all&#8220; global_colors_info=&#8220;{}&#8220; custom_css_main_element=&#8220;overflow: hidden;&#8220; sticky_enabled=&#8220;0&#8243;][et_pb_fullwidth_image src=&#8220;https:\/\/hispa.mnmtest.online\/wp-content\/uploads\/2023\/05\/predel.png&#8220; title_text=&#8220;predel&#8220; _builder_version=&#8220;4.21.0&#8243; _module_preset=&#8220;default&#8220; width=&#8220;2532px&#8220; min_height=&#8220;16px&#8220; height=&#8220;16px&#8220; global_colors_info=&#8220;{}&#8220;][\/et_pb_fullwidth_image][\/et_pb_section][et_pb_section fb_built=&#8220;1&#8243; disabled_on=&#8220;off|off|off&#8220; module_id=&#8220;o-kavarne&#8220; _builder_version=&#8220;4.21.0&#8243; _module_preset=&#8220;default&#8220; background_color=&#8220;gcid-d4d29f02-40f6-4165-b379-481b38e64948&#8243; custom_margin=&#8220;||||false|false&#8220; global_colors_info=&#8220;{%22gcid-d4d29f02-40f6-4165-b379-481b38e64948%22:%91%22background_color%22%93}&#8220;][et_pb_row column_structure=&#8220;1_2,1_2&#8243; make_equal=&#8220;on&#8220; _builder_version=&#8220;4.21.0&#8243; _module_preset=&#8220;default&#8220; global_colors_info=&#8220;{}&#8220;][et_pb_column type=&#8220;1_2&#8243; _builder_version=&#8220;4.21.0&#8243; _module_preset=&#8220;default&#8220; animation_style=&#8220;fade&#8220; global_colors_info=&#8220;{}&#8220;][et_pb_image src=&#8220;https:\/\/hispa.mnmtest.online\/wp-content\/uploads\/2023\/07\/Camilles-Cafe-Karlin-1.jpg&#8220; title_text=&#8220;Camilles-Cafe-Karlin-1&#8243; _builder_version=&#8220;4.21.0&#8243; _module_preset=&#8220;default&#8220; width=&#8220;120%&#8220; width_tablet=&#8220;100%&#8220; width_phone=&#8220;100%&#8220; width_last_edited=&#8220;on|phone&#8220; module_alignment=&#8220;left&#8220; module_alignment_tablet=&#8220;left&#8220; module_alignment_phone=&#8220;left&#8220; module_alignment_last_edited=&#8220;on|tablet&#8220; global_colors_info=&#8220;{}&#8220;][\/et_pb_image][\/et_pb_column][et_pb_column type=&#8220;1_2&#8243; _builder_version=&#8220;4.21.0&#8243; _module_preset=&#8220;0ef43800-5ecf-4330-b2e0-dcfc65f9f974&#8243; animation_style=&#8220;slide&#8220; animation_direction=&#8220;right&#8220; global_colors_info=&#8220;{}&#8220;][et_pb_divider show_divider=&#8220;off&#8220; _builder_version=&#8220;4.21.0&#8243; _module_preset=&#8220;default&#8220; background_image=&#8220;https:\/\/hispa.mnmtest.online\/wp-content\/uploads\/2023\/05\/stripe-r-l.png&#8220; background_size=&#8220;initial&#8220; global_colors_info=&#8220;{}&#8220;][\/et_pb_divider][et_pb_text _builder_version=&#8220;4.21.0&#8243; _module_preset=&#8220;default&#8220; text_orientation=&#8220;center&#8220; custom_margin=&#8220;||0px||false|false&#8220; custom_padding=&#8220;||0px||false|false&#8220; global_colors_info=&#8220;{}&#8220;]<\/p>\n<p>Ka\u017ed\u00fd den od r\u00e1na od 8 hodin jsme p\u0159ipraveni podat v\u00e1m \u0161\u00e1lek jedine\u010dn\u00fdch latinskoamerick\u00fdch druh\u016f k\u00e1vy.<br \/>D\u00edky skv\u011bl\u00e9 chuti, povzbuzuj\u00edc\u00edm \u00fa\u010dink\u016fm, bohat\u00e9mu aroma \u010di \u00fa\u010dink\u016fm pro zdrav\u00ed si ji r\u00e1di a \u010dasto dop\u0159\u00e1vaj\u00ed lid\u00e9 po cel\u00e9m sv\u011bt\u011b.<\/p>\n<p>[\/et_pb_text][et_pb_divider show_divider=&#8220;off&#8220; _builder_version=&#8220;4.21.0&#8243; _module_preset=&#8220;default&#8220; background_image=&#8220;https:\/\/hispa.mnmtest.online\/wp-content\/uploads\/2023\/05\/stripe-l-d.png&#8220; background_size=&#8220;initial&#8220; custom_margin=&#8220;0px||||false|false&#8220; custom_padding=&#8220;||||false|false&#8220; global_colors_info=&#8220;{}&#8220;][\/et_pb_divider][\/et_pb_column][\/et_pb_row][et_pb_row column_structure=&#8220;1_2,1_2&#8243; make_equal=&#8220;on&#8220; _builder_version=&#8220;4.21.0&#8243; _module_preset=&#8220;default&#8220; global_colors_info=&#8220;{}&#8220;][et_pb_column type=&#8220;1_2&#8243; _builder_version=&#8220;4.21.0&#8243; _module_preset=&#8220;default&#8220; animation_style=&#8220;fade&#8220; global_colors_info=&#8220;{}&#8220;][et_pb_image src=&#8220;https:\/\/hispa.mnmtest.online\/wp-content\/uploads\/2023\/07\/IMG_3622.jpg&#8220; title_text=&#8220;IMG_3622&#8243; _builder_version=&#8220;4.21.0&#8243; _module_preset=&#8220;default&#8220; width=&#8220;120%&#8220; width_tablet=&#8220;100%&#8220; width_phone=&#8220;100%&#8220; width_last_edited=&#8220;on|phone&#8220; module_alignment=&#8220;left&#8220; global_colors_info=&#8220;{}&#8220;][\/et_pb_image][\/et_pb_column][et_pb_column type=&#8220;1_2&#8243; _builder_version=&#8220;4.21.0&#8243; _module_preset=&#8220;0ef43800-5ecf-4330-b2e0-dcfc65f9f974&#8243; animation_style=&#8220;slide&#8220; animation_direction=&#8220;right&#8220; global_colors_info=&#8220;{}&#8220;][et_pb_divider show_divider=&#8220;off&#8220; _builder_version=&#8220;4.21.0&#8243; _module_preset=&#8220;default&#8220; background_image=&#8220;https:\/\/hispa.mnmtest.online\/wp-content\/uploads\/2023\/05\/stripe-r-l.png&#8220; background_size=&#8220;initial&#8220; global_colors_info=&#8220;{}&#8220;][\/et_pb_divider][et_pb_text _builder_version=&#8220;4.21.0&#8243; _module_preset=&#8220;default&#8220; text_orientation=&#8220;center&#8220; custom_margin=&#8220;||0px||false|false&#8220; custom_padding=&#8220;||0px||false|false&#8220; global_colors_info=&#8220;{}&#8220;]<\/p>\n<p>Ke k\u00e1v\u011b si u n\u00e1s m\u016f\u017eete d\u00e1t typick\u00e9 latinskoamerick\u00e9 snacky a dezerty. Co t\u0159eba kolumbijsk\u00e9 pln\u011bn\u00e9 kapsi\u010dky empanadas p\u0159ipraven\u00e9 kucha\u0159em z latinsk\u00e9 Ameriky nebo sladk\u00e9 dezerty jako tres leche nebo cupcake de zanahoira?<\/p>\n<p>[\/et_pb_text][et_pb_divider show_divider=&#8220;off&#8220; _builder_version=&#8220;4.21.0&#8243; _module_preset=&#8220;default&#8220; background_image=&#8220;https:\/\/hispa.mnmtest.online\/wp-content\/uploads\/2023\/05\/stripe-l-d.png&#8220; background_size=&#8220;initial&#8220; custom_margin=&#8220;0px||||false|false&#8220; custom_padding=&#8220;||||false|false&#8220; global_colors_info=&#8220;{}&#8220;][\/et_pb_divider][\/et_pb_column][\/et_pb_row][et_pb_row column_structure=&#8220;1_3,1_3,1_3&#8243; make_equal=&#8220;on&#8220; _builder_version=&#8220;4.21.0&#8243; _module_preset=&#8220;default&#8220; global_colors_info=&#8220;{}&#8220;][et_pb_column type=&#8220;1_3&#8243; _builder_version=&#8220;4.21.0&#8243; _module_preset=&#8220;default&#8220; global_colors_info=&#8220;{}&#8220;][et_pb_image src=&#8220;https:\/\/hispa.mnmtest.online\/wp-content\/uploads\/2023\/07\/ruka500px.webp&#8220; title_text=&#8220;ruka500px&#8220; show_bottom_space=&#8220;off&#8220; align=&#8220;center&#8220; _builder_version=&#8220;4.21.0&#8243; _module_preset=&#8220;default&#8220; max_width=&#8220;350%&#8220; module_alignment=&#8220;center&#8220; global_colors_info=&#8220;{}&#8220;][\/et_pb_image][\/et_pb_column][et_pb_column type=&#8220;1_3&#8243; _builder_version=&#8220;4.21.0&#8243; _module_preset=&#8220;0ef43800-5ecf-4330-b2e0-dcfc65f9f974&#8243; global_colors_info=&#8220;{}&#8220;][et_pb_divider show_divider=&#8220;off&#8220; _builder_version=&#8220;4.21.0&#8243; _module_preset=&#8220;default&#8220; background_image=&#8220;https:\/\/hispa.mnmtest.online\/wp-content\/uploads\/2023\/05\/stripe-r-l.png&#8220; background_size=&#8220;initial&#8220; global_colors_info=&#8220;{}&#8220;][\/et_pb_divider][et_pb_text _builder_version=&#8220;4.21.0&#8243; _module_preset=&#8220;default&#8220; text_font_size=&#8220;22px&#8220; text_orientation=&#8220;center&#8220; custom_margin=&#8220;||0px||false|false&#8220; custom_padding=&#8220;||0px||false|false&#8220; global_colors_info=&#8220;{}&#8220;]<\/p>\n<p><strong>K\u00e1vu v\u00e1m samoz\u0159ejm\u011b <br \/>r\u00e1di p\u0159iprav\u00edme i s sebou<\/strong><\/p>\n<p>[\/et_pb_text][et_pb_divider show_divider=&#8220;off&#8220; _builder_version=&#8220;4.21.0&#8243; _module_preset=&#8220;default&#8220; background_image=&#8220;https:\/\/hispa.mnmtest.online\/wp-content\/uploads\/2023\/05\/stripe-l-d.png&#8220; background_size=&#8220;initial&#8220; custom_margin=&#8220;0px||||false|false&#8220; custom_padding=&#8220;||||false|false&#8220; global_colors_info=&#8220;{}&#8220;][\/et_pb_divider][\/et_pb_column][et_pb_column type=&#8220;1_3&#8243; _builder_version=&#8220;4.21.0&#8243; _module_preset=&#8220;0ef43800-5ecf-4330-b2e0-dcfc65f9f974&#8243; global_colors_info=&#8220;{}&#8220;][et_pb_divider show_divider=&#8220;off&#8220; _builder_version=&#8220;4.21.0&#8243; _module_preset=&#8220;default&#8220; background_image=&#8220;https:\/\/hispa.mnmtest.online\/wp-content\/uploads\/2023\/05\/stripe-r-l.png&#8220; background_size=&#8220;initial&#8220; global_colors_info=&#8220;{}&#8220;][\/et_pb_divider][et_pb_text _builder_version=&#8220;4.21.0&#8243; _module_preset=&#8220;default&#8220; text_orientation=&#8220;center&#8220; custom_margin=&#8220;||0px||false|false&#8220; custom_padding=&#8220;||0px||false|false&#8220; global_colors_info=&#8220;{}&#8220;]<\/p>\n<p>Pokud si dobrou k\u00e1vu r\u00e1di p\u0159ipravujete i v klidu domova, naleznete u n\u00e1s \u0161irok\u00fd sortiment pot\u0159eb pro p\u0159\u00edpravu k\u00e1vy. Samoz\u0159ejm\u011b v\u00e1m r\u00e1di nab\u00eddneme i v\u00fdb\u011brovou k\u00e1vu mnoha druh\u016f v r\u016fzn\u00fdch balen\u00edch, tak aby vyhovovala va\u0161im pot\u0159eb\u00e1m.<\/p>\n<p>[\/et_pb_text][et_pb_divider show_divider=&#8220;off&#8220; _builder_version=&#8220;4.21.0&#8243; _module_preset=&#8220;default&#8220; background_image=&#8220;https:\/\/hispa.mnmtest.online\/wp-content\/uploads\/2023\/05\/stripe-l-d.png&#8220; background_size=&#8220;initial&#8220; custom_margin=&#8220;0px||||false|false&#8220; custom_padding=&#8220;||||false|false&#8220; global_colors_info=&#8220;{}&#8220;][\/et_pb_divider][\/et_pb_column][\/et_pb_row][\/et_pb_section][et_pb_section fb_built=&#8220;1&#8243; fullwidth=&#8220;on&#8220; module_class=&#8220;predel&#8220; _builder_version=&#8220;4.21.0&#8243; _module_preset=&#8220;default&#8220; z_index=&#8220;500&#8243; custom_margin=&#8220;-8px||-8px||false|false&#8220; hover_enabled=&#8220;0&#8243; global_module=&#8220;41&#8243; saved_tabs=&#8220;all&#8220; global_colors_info=&#8220;{}&#8220; custom_css_main_element=&#8220;overflow: hidden;&#8220; sticky_enabled=&#8220;0&#8243;][et_pb_fullwidth_image src=&#8220;https:\/\/hispa.mnmtest.online\/wp-content\/uploads\/2023\/05\/predel.png&#8220; title_text=&#8220;predel&#8220; _builder_version=&#8220;4.21.0&#8243; _module_preset=&#8220;default&#8220; width=&#8220;2532px&#8220; min_height=&#8220;16px&#8220; height=&#8220;16px&#8220; global_colors_info=&#8220;{}&#8220;][\/et_pb_fullwidth_image][\/et_pb_section][et_pb_section fb_built=&#8220;1&#8243; module_id=&#8220;galerie&#8220; _builder_version=&#8220;4.21.0&#8243; _module_preset=&#8220;default&#8220; use_background_color_gradient=&#8220;on&#8220; background_color_gradient_stops=&#8220;rgba(0,0,0,0.83) 0%|rgba(0,0,0,0.76) 100%&#8220; background_color_gradient_overlays_image=&#8220;on&#8220; background_image=&#8220;https:\/\/hispa.mnmtest.online\/wp-content\/uploads\/2023\/07\/Camilles-Cafe-Karlin-8.jpg&#8220; parallax=&#8220;on&#8220; parallax_method=&#8220;off&#8220; global_colors_info=&#8220;{}&#8220;][et_pb_row use_custom_gutter=&#8220;on&#8220; gutter_width=&#8220;1&#8243; _builder_version=&#8220;4.21.0&#8243; _module_preset=&#8220;default&#8220; global_colors_info=&#8220;{}&#8220;][et_pb_column type=&#8220;4_4&#8243; _builder_version=&#8220;4.21.0&#8243; _module_preset=&#8220;default&#8220; global_colors_info=&#8220;{}&#8220;][et_pb_gallery gallery_ids=&#8220;116,115,114,113,112,111,110,109,108,107,106,104,103,102,101,100,99,98,96,97,95,94,93,92,91,90,89,88,86,85&#8243; posts_number=&#8220;12&#8243; show_title_and_caption=&#8220;off&#8220; _builder_version=&#8220;4.21.0&#8243; _module_preset=&#8220;default&#8220; global_colors_info=&#8220;{}&#8220;][\/et_pb_gallery][\/et_pb_column][\/et_pb_row][\/et_pb_section][et_pb_section fb_built=&#8220;1&#8243; fullwidth=&#8220;on&#8220; module_class=&#8220;predel&#8220; _builder_version=&#8220;4.21.0&#8243; _module_preset=&#8220;default&#8220; z_index=&#8220;500&#8243; custom_margin=&#8220;-8px||-8px||false|false&#8220; hover_enabled=&#8220;0&#8243; global_module=&#8220;41&#8243; saved_tabs=&#8220;all&#8220; global_colors_info=&#8220;{}&#8220; custom_css_main_element=&#8220;overflow: hidden;&#8220; sticky_enabled=&#8220;0&#8243;][et_pb_fullwidth_image src=&#8220;https:\/\/hispa.mnmtest.online\/wp-content\/uploads\/2023\/05\/predel.png&#8220; title_text=&#8220;predel&#8220; _builder_version=&#8220;4.21.0&#8243; _module_preset=&#8220;default&#8220; width=&#8220;2532px&#8220; min_height=&#8220;16px&#8220; height=&#8220;16px&#8220; global_colors_info=&#8220;{}&#8220;][\/et_pb_fullwidth_image][\/et_pb_section]<\/p>\n","protected":false},"excerpt":{"rendered":"<p>Nejlep\u0161\u00ed zrnkov\u00e1 k\u00e1va, kter\u00e1 dok\u00e1\u017ee ka\u017ed\u00fdm dou\u0161kem povzbudit do nov\u00e9ho dne.Ka\u017ed\u00fd den od r\u00e1na od 8 hodin jsme p\u0159ipraveni podat v\u00e1m \u0161\u00e1lek jedine\u010dn\u00fdch latinskoamerick\u00fdch druh\u016f k\u00e1vy.D\u00edky skv\u011bl\u00e9 chuti, povzbuzuj\u00edc\u00edm \u00fa\u010dink\u016fm, bohat\u00e9mu aroma \u010di \u00fa\u010dink\u016fm pro zdrav\u00ed si ji r\u00e1di a \u010dasto dop\u0159\u00e1vaj\u00ed lid\u00e9 po cel\u00e9m sv\u011bt\u011b.Ke k\u00e1v\u011b si u n\u00e1s m\u016f\u017eete d\u00e1t typick\u00e9 latinskoamerick\u00e9 snacky [&hellip;]<\/p>\n","protected":false},"author":1,"featured_media":0,"parent":0,"menu_order":0,"comment_status":"closed","ping_status":"closed","template":"","meta":{"_et_pb_use_builder":"on","_et_pb_old_content":"","_et_gb_content_width":"","footnotes":""},"class_list":["post-8","page","type-page","status-publish","hentry"],"_links":{"self":[{"href":"https:\/\/hispa.mnmtest.online\/index.php\/wp-json\/wp\/v2\/pages\/8","targetHints":{"allow":["GET"]}}],"collection":[{"href":"https:\/\/hispa.mnmtest.online\/index.php\/wp-json\/wp\/v2\/pages"}],"about":[{"href":"https:\/\/hispa.mnmtest.online\/index.php\/wp-json\/wp\/v2\/types\/page"}],"author":[{"embeddable":true,"href":"https:\/\/hispa.mnmtest.online\/index.php\/wp-json\/wp\/v2\/users\/1"}],"replies":[{"embeddable":true,"href":"https:\/\/hispa.mnmtest.online\/index.php\/wp-json\/wp\/v2\/comments?post=8"}],"version-history":[{"count":30,"href":"https:\/\/hispa.mnmtest.online\/index.php\/wp-json\/wp\/v2\/pages\/8\/revisions"}],"predecessor-version":[{"id":140,"href":"https:\/\/hispa.mnmtest.online\/index.php\/wp-json\/wp\/v2\/pages\/8\/revisions\/140"}],"wp:attachment":[{"href":"https:\/\/hispa.mnmtest.online\/index.php\/wp-json\/wp\/v2\/media?parent=8"}],"curies":[{"name":"wp","href":"https:\/\/api.w.org\/{rel}","templated":true}]}}